{"id":33412,"date":"2025-09-12T15:10:14","date_gmt":"2025-09-12T13:10:14","guid":{"rendered":"https:\/\/bonakbeauty.de\/produkt\/axis-y-spot-the-difference-blemish-treatment\/"},"modified":"2026-05-06T14:15:50","modified_gmt":"2026-05-06T12:15:50","slug":"axis-y-spot-the-difference-blemish-treatment","status":"publish","type":"product","link":"https:\/\/bonakbeauty.de\/ru\/produkt\/axis-y-spot-the-difference-blemish-treatment\/","title":{"rendered":"AXIS-Y Spot the Difference Blemish Treatment, 15 ml"},"content":{"rendered":"<p>Das AXIS-Y Spot the Difference Blemish Treatment ist eine leichte Gel-Formel, die speziell zur Behandlung von Pickeln und Hautunreinheiten entwickelt wurde. Mit 6 pflanzlichen Wirkstoffen, Niacinamid und Heartleaf reduziert es Entz\u00fcndungen, beruhigt ger\u00f6tete Haut und unterst\u00fctzt die Regeneration.<br \/>\nDas Treatment wirkt antibakteriell, reguliert \u00fcbersch\u00fcssigen Talg und beugt neuen Unreinheiten vor. Es zieht schnell ein, ohne R\u00fcckst\u00e4nde zu hinterlassen, und kann problemlos unter Make-up getragen werden.<\/p>\n","protected":false},"excerpt":{"rendered":"<p>Gezielte Pflege bei Unreinheiten \u2013 beruhigt Pickel, reduziert Entz\u00fcndungen und unterst\u00fctzt die Heilung.<\/p>\n","protected":false},"featured_media":33413,"template":"","meta":{"_bricks_page_content_2":"","_bricks_page_header_2":"","_bricks_page_footer_2":""},"product_brand":[],"product_cat":[324,453,447],"product_tag":[461,462,463,460],"class_list":{"0":"post-33412","1":"product","2":"type-product","3":"status-publish","4":"has-post-thumbnail","6":"product_cat-324","7":"product_cat-453","8":"product_cat-447","9":"product_tag-461","10":"product_tag-462","11":"product_tag-463","12":"product_tag-460","13":"pa_gewichtsvolumen-15ml-ru","15":"first","16":"instock","17":"purchasable","18":"product-type-simple"},"_elementor_data":null,"_bricks_page_content_2":null,"_links":{"self":[{"href":"https:\/\/bonakbeauty.de\/ru\/wp-json\/wp\/v2\/product\/33412","targetHints":{"allow":["GET"]}}],"collection":[{"href":"https:\/\/bonakbeauty.de\/ru\/wp-json\/wp\/v2\/product"}],"about":[{"href":"https:\/\/bonakbeauty.de\/ru\/wp-json\/wp\/v2\/types\/product"}],"version-history":[{"count":4,"href":"https:\/\/bonakbeauty.de\/ru\/wp-json\/wp\/v2\/product\/33412\/revisions"}],"predecessor-version":[{"id":33793,"href":"https:\/\/bonakbeauty.de\/ru\/wp-json\/wp\/v2\/product\/33412\/revisions\/33793"}],"wp:featuredmedia":[{"embeddable":true,"href":"https:\/\/bonakbeauty.de\/ru\/wp-json\/wp\/v2\/media\/33413"}],"wp:attachment":[{"href":"https:\/\/bonakbeauty.de\/ru\/wp-json\/wp\/v2\/media?parent=33412"}],"wp:term":[{"taxonomy":"product_brand","embeddable":true,"href":"https:\/\/bonakbeauty.de\/ru\/wp-json\/wp\/v2\/product_brand?post=33412"},{"taxonomy":"product_cat","embeddable":true,"href":"https:\/\/bonakbeauty.de\/ru\/wp-json\/wp\/v2\/product_cat?post=33412"},{"taxonomy":"product_tag","embeddable":true,"href":"https:\/\/bonakbeauty.de\/ru\/wp-json\/wp\/v2\/product_tag?post=33412"}],"curies":[{"name":"wp","href":"https:\/\/api.w.org\/{rel}","templated":true}]}}