{"id":33415,"date":"2025-09-12T15:10:14","date_gmt":"2025-09-12T13:10:14","guid":{"rendered":"https:\/\/bonakbeauty.de\/produkt\/axis-y-sunday-morning-refreshing-cleansing-foam\/"},"modified":"2026-05-06T12:23:29","modified_gmt":"2026-05-06T10:23:29","slug":"axis-y-sunday-morning-refreshing-cleansing-foam","status":"publish","type":"product","link":"https:\/\/bonakbeauty.de\/ru\/produkt\/axis-y-sunday-morning-refreshing-cleansing-foam\/","title":{"rendered":"AXIS-Y Sunday Morning Refreshing Cleansing Foam, 120 ml"},"content":{"rendered":"<p>Der AXIS-Y Sunday Morning Refreshing Cleansing Foam ist ein milder Schaumreiniger, der Unreinheiten, Schwei\u00df und \u00fcbersch\u00fcssigen Talg effektiv entfernt. Dank Centella Asiatica und pflanzlichen Inhaltsstoffen beruhigt er die Haut, unterst\u00fctzt den Feuchtigkeitshaushalt und sorgt f\u00fcr ein frisches, klares Hautgef\u00fchl. Mit seinem hautfreundlichen pH-Wert eignet er sich perfekt f\u00fcr die t\u00e4gliche Reinigung.<\/p>\n","protected":false},"excerpt":{"rendered":"<p>Sanfte Reinigungsschaum mit Centella und pflanzlichen Extrakten \u2013 entfernt Schmutz und Talg, ohne die Haut auszutrocknen.<\/p>\n","protected":false},"featured_media":33416,"template":"","meta":{"_bricks_page_content_2":"","_bricks_page_header_2":"","_bricks_page_footer_2":""},"product_brand":[],"product_cat":[324,449,447],"product_tag":[459],"class_list":{"0":"post-33415","1":"product","2":"type-product","3":"status-publish","4":"has-post-thumbnail","6":"product_cat-324","7":"product_cat-449","8":"product_cat-447","9":"product_tag-459","10":"pa_gewichtsvolumen-120ml-ru","12":"first","13":"instock","14":"purchasable","15":"product-type-simple"},"_elementor_data":null,"_bricks_page_content_2":null,"_links":{"self":[{"href":"https:\/\/bonakbeauty.de\/ru\/wp-json\/wp\/v2\/product\/33415","targetHints":{"allow":["GET"]}}],"collection":[{"href":"https:\/\/bonakbeauty.de\/ru\/wp-json\/wp\/v2\/product"}],"about":[{"href":"https:\/\/bonakbeauty.de\/ru\/wp-json\/wp\/v2\/types\/product"}],"version-history":[{"count":4,"href":"https:\/\/bonakbeauty.de\/ru\/wp-json\/wp\/v2\/product\/33415\/revisions"}],"predecessor-version":[{"id":33736,"href":"https:\/\/bonakbeauty.de\/ru\/wp-json\/wp\/v2\/product\/33415\/revisions\/33736"}],"wp:featuredmedia":[{"embeddable":true,"href":"https:\/\/bonakbeauty.de\/ru\/wp-json\/wp\/v2\/media\/33416"}],"wp:attachment":[{"href":"https:\/\/bonakbeauty.de\/ru\/wp-json\/wp\/v2\/media?parent=33415"}],"wp:term":[{"taxonomy":"product_brand","embeddable":true,"href":"https:\/\/bonakbeauty.de\/ru\/wp-json\/wp\/v2\/product_brand?post=33415"},{"taxonomy":"product_cat","embeddable":true,"href":"https:\/\/bonakbeauty.de\/ru\/wp-json\/wp\/v2\/product_cat?post=33415"},{"taxonomy":"product_tag","embeddable":true,"href":"https:\/\/bonakbeauty.de\/ru\/wp-json\/wp\/v2\/product_tag?post=33415"}],"curies":[{"name":"wp","href":"https:\/\/api.w.org\/{rel}","templated":true}]}}