{"id":33685,"date":"2026-01-14T15:43:44","date_gmt":"2026-01-14T14:43:44","guid":{"rendered":"https:\/\/bonakbeauty.de\/produkt\/celimax-the-real-noni-moisture-balancing-toner-150ml\/"},"modified":"2026-05-06T12:24:30","modified_gmt":"2026-05-06T10:24:30","slug":"celimax-the-real-noni-moisture-balancing-toner-150ml","status":"publish","type":"product","link":"https:\/\/bonakbeauty.de\/ru\/produkt\/celimax-the-real-noni-moisture-balancing-toner-150ml\/","title":{"rendered":"Celimax The Real Noni Moisture Balancing Toner 150ml"},"content":{"rendered":"<div>Celimax The Real Noni Moisture Balancing Toner versorgt die Haut intensiv mit Feuchtigkeit und unterst\u00fctzt ein gesundes, ausgeglichenes Hautbild. Der Toner eignet sich ideal als erster Pflegeschritt nach der Reinigung und bereitet die Haut optimal auf nachfolgende Pflegeprodukte vor.<\/div>\n<div><\/div>\n<div>Die Formel basiert auf Noni-Extrakt, der f\u00fcr seine beruhigenden und antioxidativen Eigenschaften bekannt ist. Er hilft, R\u00f6tungen und Irritationen zu lindern, unterst\u00fctzt die Hautregeneration und st\u00e4rkt die Hautbarriere. Hyalurons\u00e4ure bindet Feuchtigkeit in der Haut und sorgt f\u00fcr ein langanhaltend frisches und hydratisiertes Hautgef\u00fchl.<\/div>\n<div><\/div>\n<div>Die leichte, erfrischende Textur zieht schnell ein, ohne zu beschweren, und hinterl\u00e4sst die Haut weich, ausgeglichen und optimal vorbereitet f\u00fcr die n\u00e4chste Pflegeschicht.<\/div>\n<div><\/div>\n<div>Geeignet f\u00fcr<\/div>\n<div>\u2022trockene Haut<\/div>\n<div>\u2022empfindliche Haut<\/div>\n<div>\u2022gestresste Haut<\/div>\n<div>\u2022feuchtigkeitsarme Haut<\/div>\n","protected":false},"excerpt":{"rendered":"<p>Intensiv feuchtigkeitsspendender Toner mit Noni-Extrakt f\u00fcr ein ausgeglichenes, beruhigtes Hautbild.<\/p>\n","protected":false},"featured_media":32550,"template":"","meta":{"_bricks_page_content_2":"","_bricks_page_header_2":"","_bricks_page_footer_2":""},"product_brand":[],"product_cat":[324,450,447],"product_tag":[459,463],"class_list":{"0":"post-33685","1":"product","2":"type-product","3":"status-publish","4":"has-post-thumbnail","6":"product_cat-324","7":"product_cat-450","8":"product_cat-447","9":"product_tag-459","10":"product_tag-463","12":"first","13":"instock","14":"shipping-taxable","15":"purchasable","16":"product-type-simple"},"_elementor_data":null,"_bricks_page_content_2":null,"_links":{"self":[{"href":"https:\/\/bonakbeauty.de\/ru\/wp-json\/wp\/v2\/product\/33685","targetHints":{"allow":["GET"]}}],"collection":[{"href":"https:\/\/bonakbeauty.de\/ru\/wp-json\/wp\/v2\/product"}],"about":[{"href":"https:\/\/bonakbeauty.de\/ru\/wp-json\/wp\/v2\/types\/product"}],"version-history":[{"count":2,"href":"https:\/\/bonakbeauty.de\/ru\/wp-json\/wp\/v2\/product\/33685\/revisions"}],"predecessor-version":[{"id":33750,"href":"https:\/\/bonakbeauty.de\/ru\/wp-json\/wp\/v2\/product\/33685\/revisions\/33750"}],"wp:featuredmedia":[{"embeddable":true,"href":"https:\/\/bonakbeauty.de\/ru\/wp-json\/wp\/v2\/media\/32550"}],"wp:attachment":[{"href":"https:\/\/bonakbeauty.de\/ru\/wp-json\/wp\/v2\/media?parent=33685"}],"wp:term":[{"taxonomy":"product_brand","embeddable":true,"href":"https:\/\/bonakbeauty.de\/ru\/wp-json\/wp\/v2\/product_brand?post=33685"},{"taxonomy":"product_cat","embeddable":true,"href":"https:\/\/bonakbeauty.de\/ru\/wp-json\/wp\/v2\/product_cat?post=33685"},{"taxonomy":"product_tag","embeddable":true,"href":"https:\/\/bonakbeauty.de\/ru\/wp-json\/wp\/v2\/product_tag?post=33685"}],"curies":[{"name":"wp","href":"https:\/\/api.w.org\/{rel}","templated":true}]}}